{"id":86,"date":"2022-11-03T10:56:50","date_gmt":"2022-11-03T01:56:50","guid":{"rendered":"https:\/\/enerpos1.mycafe24.com\/?page_id=86"},"modified":"2022-11-09T14:44:49","modified_gmt":"2022-11-09T05:44:49","slug":"introduccion","status":"publish","type":"page","link":"https:\/\/enerpos1.mycafe24.com\/es\/introduccion\/","title":{"rendered":"Introducci\u00f3n"},"content":{"rendered":"<p>[vc_row full_width=\u00bbstretch_row_content_no_spaces\u00bb el_class=\u00bbsub_menu\u00bb][vc_column][vc_wp_custommenu nav_menu=\u00bb3&#8243; el_class=\u00bbsub_menu_col sub_menu_col4&#8243;][\/vc_column][\/vc_row][vc_row css=\u00bb.vc_custom_1667439830869{margin-bottom: 0px !important;}\u00bb el_class=\u00bbw1240&#8243;][vc_column]<div class=\"ult-spacer spacer-69d3b96c8fb5b\" data-id=\"69d3b96c8fb5b\" data-height=\"100\" data-height-mobile=\"50\" data-height-tab=\"\" data-height-tab-portrait=\"\" data-height-mobile-landscape=\"50\" style=\"clear:both;display:block;\"><\/div><div class=\"ult-animation  ult-animate-viewport  ult-no-mobile \" data-animate=\"fadeInUp\" data-animation-delay=\"0\" data-animation-duration=\"3\" data-animation-iteration=\"1\" style=\"opacity:0;\" data-opacity_start_effect=\"\">[vc_single_image image=\u00bb207&#8243; img_size=\u00bbfull\u00bb alignment=\u00bbcenter\u00bb][vc_column_text el_class=\u00bbf24l32 tit_bar\u00bb css=\u00bb.vc_custom_1667893973875{margin-bottom: 0px !important;}\u00bb]<\/p>\n<p style=\"text-align: center;\">Thank you to our customers for <span class=\"cblue fw400\">visiting our website.<\/span><\/p>\n<p>[\/vc_column_text]<div class=\"ult-spacer spacer-69d3b96c8fbf3\" data-id=\"69d3b96c8fbf3\" data-height=\"100\" data-height-mobile=\"100\" data-height-tab=\"100\" data-height-tab-portrait=\"\" data-height-mobile-landscape=\"\" style=\"clear:both;display:block;\"><\/div><\/div><div class=\"ult-animation  ult-animate-viewport  ult-no-mobile \" data-animate=\"fadeInUp\" data-animation-delay=\"0\" data-animation-duration=\"3\" data-animation-iteration=\"1\" style=\"opacity:0;\" data-opacity_start_effect=\"\">[vc_raw_html]JTNDZGl2JTIwY2xhc3MlM0QlMjJpbnRyb2JveCUyMiUzRSUwQSUzQ2RpdiUyMGNsYXNzJTNEJTIyaW50cm9fbG9nbyUyMiUzRSUzQ2ltZyUyMHNyYyUzRCUyMiUyRndwLWNvbnRlbnQlMkZ1cGxvYWRzJTJGMjAyMiUyRjExJTJGSW50cm8yLnBuZyUyMiUzRSUzQyUyRmRpdiUzRSUwQSUzQyUyRmRpdiUzRQ==[\/vc_raw_html]<\/div><div class=\"ult-spacer spacer-69d3b96c8fc38\" data-id=\"69d3b96c8fc38\" data-height=\"0\" data-height-mobile=\"50\" data-height-tab=\"50\" data-height-tab-portrait=\"50\" data-height-mobile-landscape=\"50\" style=\"clear:both;display:block;\"><\/div>[\/vc_column][\/vc_row][vc_row css=\u00bb.vc_custom_1667440483238{margin-bottom: 0px !important;}\u00bb el_class=\u00bbtext_box\u00bb][vc_column]<div class=\"ult-spacer spacer-69d3b96c8fc45\" data-id=\"69d3b96c8fc45\" data-height=\"50\" data-height-mobile=\"50\" data-height-tab=\"50\" data-height-tab-portrait=\"\" data-height-mobile-landscape=\"\" style=\"clear:both;display:block;\"><\/div><div class=\"ult-animation  ult-animate-viewport  ult-no-mobile \" data-animate=\"fadeInUp\" data-animation-delay=\"0\" data-animation-duration=\"3\" data-animation-iteration=\"1\" style=\"opacity:0;\" data-opacity_start_effect=\"\">[vc_column_text el_class=\u00bbf16l24&#8243;]ENERPOS KOREA Co., Ltd. es un proveedor de componentes y repuestos de motores diesel para usos marinos y estacionarios, tambi\u00e9n damos servicios t\u00e9cnicos para la operaci\u00f3n y el montaje de plantas el\u00e9ctricas. Trabajamos con motores desarrollados por MAN y con motores HiMSEN 9H21\/32 y 9H25\/33 desarrollados por HYUNDAI HEAVY INDUSTRIES Co., Ltd. [\/vc_column_text]<\/div><div class=\"ult-animation  ult-animate-viewport  ult-no-mobile \" data-animate=\"fadeInUp\" data-animation-delay=\"0.4\" data-animation-duration=\"3\" data-animation-iteration=\"1\" style=\"opacity:0;\" data-opacity_start_effect=\"\">[vc_column_text el_class=\u00bbf16l24&#8243;]Desde nuestra creaci\u00f3n en el a\u00f1o 2013 hemos mantenido un crecimiento sostenido, estrechando nuestras relaciones con nuestros clientes y ampliando nuestros mercados. [\/vc_column_text]<\/div><div class=\"ult-animation  ult-animate-viewport  ult-no-mobile \" data-animate=\"fadeInUp\" data-animation-delay=\"0.8\" data-animation-duration=\"3\" data-animation-iteration=\"1\" style=\"opacity:0;\" data-opacity_start_effect=\"\">[vc_column_text el_class=\u00bbf16l24&#8243;]Los a\u00f1os de experiencia nos han permitido acumular habilidades y conocimientos en el suministro eficiente de repuestos y la identificaci\u00f3n de las mejores f\u00e1bricas. Adem\u00e1s, nuestros expertos pueden brindar servicios de asesoramiento para resolver los problemas t\u00e9cnicos que generalmente ocurren durante la operaci\u00f3n de las plantas de generaci\u00f3n de electricidad.[\/vc_column_text]<\/div><div class=\"ult-animation  ult-animate-viewport  ult-no-mobile \" data-animate=\"fadeInUp\" data-animation-delay=\"1.2\" data-animation-duration=\"3\" data-animation-iteration=\"1\" style=\"opacity:0;\" data-opacity_start_effect=\"\">[vc_column_text el_class=\u00bbf16l24&#8243;]Aunque podemos suministrar casi la totalidad de los repuestos de estas plantas, nos concentramos en los que est\u00e1n sometidos a un r\u00e9gimen de trabajo m\u00e1s intenso dentro del funcionamiento de los motores por ser los de mayor exigencia en cuanto a la calidad de su construcci\u00f3n.[\/vc_column_text]<\/div><div class=\"ult-animation  ult-animate-viewport  ult-no-mobile \" data-animate=\"fadeInUp\" data-animation-delay=\"1.6\" data-animation-duration=\"3\" data-animation-iteration=\"1\" style=\"opacity:0;\" data-opacity_start_effect=\"\">[vc_column_text el_class=\u00bbf16l24&#8243;]Al hacer negocios con nosotros podr\u00e1 comprobar la calidad de nuestros productos y la eficiencia en la entrega. Ofrecemos garant\u00edas similares a las piezas de repuesto originales con tiempos de entrega competitivos.[\/vc_column_text]<\/div><div class=\"ult-animation  ult-animate-viewport  ult-no-mobile \" data-animate=\"fadeInUp\" data-animation-delay=\"2\" data-animation-duration=\"3\" data-animation-iteration=\"1\" style=\"opacity:0;\" data-opacity_start_effect=\"\">[vc_column_text el_class=\u00bbf16l24&#8243; css=\u00bb.vc_custom_1667968390624{margin-bottom: 0px !important;}\u00bb]Trabajamos sostenidamente por mantenernos como una empresa confiable para nuestros clientes y porque nuestras relaciones comerciales se mantengan en el tiempo.[\/vc_column_text]<\/div><div class=\"ult-spacer spacer-69d3b96c8fd3e\" data-id=\"69d3b96c8fd3e\" data-height=\"50\" data-height-mobile=\"50\" data-height-tab=\"50\" data-height-tab-portrait=\"\" data-height-mobile-landscape=\"\" style=\"clear:both;display:block;\"><\/div>[\/vc_column][\/vc_row][vc_row][vc_column]<div class=\"ult-spacer spacer-69d3b96c8fd4a\" data-id=\"69d3b96c8fd4a\" data-height=\"0\" data-height-mobile=\"50\" data-height-tab=\"\" data-height-tab-portrait=\"\" data-height-mobile-landscape=\"50\" style=\"clear:both;display:block;\"><\/div>[\/vc_column][\/vc_row]<\/p>\n","protected":false},"excerpt":{"rendered":"<p>[vc_row full_width=\u00bbstretch_row_content_no_spaces\u00bb el_class=\u00bbsub_menu\u00bb][vc_column][vc_wp_custommenu nav_menu=\u00bb3&#8243; el_class=\u00bbsub_menu_col sub_menu_col4&#8243;][\/vc_column][\/vc_row][vc_row css=\u00bb.vc_custom_1667439830869{margin-bottom: 0px !important;}\u00bb el_class=\u00bbw1240&#8243;][vc_column][\/vc_column][\/vc_row][vc_row css=\u00bb.vc_custom_1667440483238{margin-bottom: 0px !important;}\u00bb el_class=\u00bbtext_box\u00bb][vc_column][\/vc_column][\/vc_row][vc_row][vc_column][\/vc_column][\/vc_row]<\/p>\n","protected":false},"author":1,"featured_media":0,"parent":0,"menu_order":0,"comment_status":"closed","ping_status":"closed","template":"","meta":[],"_links":{"self":[{"href":"https:\/\/enerpos1.mycafe24.com\/es\/wp-json\/wp\/v2\/pages\/86"}],"collection":[{"href":"https:\/\/enerpos1.mycafe24.com\/es\/wp-json\/wp\/v2\/pages"}],"about":[{"href":"https:\/\/enerpos1.mycafe24.com\/es\/wp-json\/wp\/v2\/types\/page"}],"author":[{"embeddable":true,"href":"https:\/\/enerpos1.mycafe24.com\/es\/wp-json\/wp\/v2\/users\/1"}],"replies":[{"embeddable":true,"href":"https:\/\/enerpos1.mycafe24.com\/es\/wp-json\/wp\/v2\/comments?post=86"}],"version-history":[{"count":3,"href":"https:\/\/enerpos1.mycafe24.com\/es\/wp-json\/wp\/v2\/pages\/86\/revisions"}],"predecessor-version":[{"id":286,"href":"https:\/\/enerpos1.mycafe24.com\/es\/wp-json\/wp\/v2\/pages\/86\/revisions\/286"}],"wp:attachment":[{"href":"https:\/\/enerpos1.mycafe24.com\/es\/wp-json\/wp\/v2\/media?parent=86"}],"curies":[{"name":"wp","href":"https:\/\/api.w.org\/{rel}","templated":true}]}}