{"id":235,"date":"2022-11-09T11:48:05","date_gmt":"2022-11-09T02:48:05","guid":{"rendered":"https:\/\/enerpos1.mycafe24.com\/es\/?page_id=235"},"modified":"2022-11-09T13:08:09","modified_gmt":"2022-11-09T04:08:09","slug":"services","status":"publish","type":"page","link":"https:\/\/enerpos1.mycafe24.com\/es\/services\/","title":{"rendered":"Servicios"},"content":{"rendered":"<p>[vc_row full_width=\u00bbstretch_row_content_no_spaces\u00bb el_class=\u00bbsub_menu\u00bb][vc_column][vc_wp_custommenu nav_menu=\u00bb6&#8243; el_class=\u00bbsub_menu_col sub_menu_col6&#8243;][\/vc_column][\/vc_row][vc_row bg_type=\u00bbimage\u00bb parallax_style=\u00bbvcpb-default\u00bb bg_image_new=\u00bbid^237|url^http:\/\/enerpos1.mycafe24.com\/es\/wp-content\/uploads\/sites\/3\/2022\/11\/ser_bg.jpg|caption^null|alt^null|title^null|description^null\u00bb bg_image_repeat=\u00bbno-repeat\u00bb el_class=\u00bbw1240&#8243;][vc_column]<div class=\"ult-spacer spacer-69d3cf86142ac\" data-id=\"69d3cf86142ac\" data-height=\"100\" data-height-mobile=\"50\" data-height-tab=\"\" data-height-tab-portrait=\"\" data-height-mobile-landscape=\"50\" style=\"clear:both;display:block;\"><\/div><div class=\"ult-animation  ult-animate-viewport  ult-no-mobile \" data-animate=\"fadeInUp\" data-animation-delay=\"0\" data-animation-duration=\"3\" data-animation-iteration=\"1\" style=\"opacity:0;\" data-opacity_start_effect=\"\">[vc_single_image image=\u00bb207&#8243; img_size=\u00bbfull\u00bb alignment=\u00bbcenter\u00bb][vc_column_text el_class=\u00bbf24l32 tit_bar\u00bb css=\u00bb.vc_custom_1667966809430{margin-bottom: 0px !important;}\u00bb]<\/p>\n<p style=\"text-align: center;\"><span class=\"fw400 cblue\">Socio confiable y \u00fatil en<\/span> el negocio de generaci\u00f3n de electricidad.<\/p>\n<p>[\/vc_column_text]<div class=\"ult-spacer spacer-69d3cf861433d\" data-id=\"69d3cf861433d\" data-height=\"85\" data-height-mobile=\"85\" data-height-tab=\"85\" data-height-tab-portrait=\"\" data-height-mobile-landscape=\"\" style=\"clear:both;display:block;\"><\/div><\/div>[vc_row_inner][vc_column_inner width=\u00bb2\/5&#8243;]<div class=\"ult-animation  ult-animate-viewport  ult-no-mobile \" data-animate=\"fadeInLeft\" data-animation-delay=\"0\" data-animation-duration=\"3\" data-animation-iteration=\"1\" style=\"opacity:0;\" data-opacity_start_effect=\"\">[vc_single_image image=\u00bb236&#8243; img_size=\u00bbfull\u00bb alignment=\u00bbcenter\u00bb css=\u00bb.vc_custom_1667962083971{margin-bottom: 0px !important;}\u00bb]<\/div><div class=\"ult-spacer spacer-69d3cf8614381\" data-id=\"69d3cf8614381\" data-height=\"0\" data-height-mobile=\"40\" data-height-tab=\"\" data-height-tab-portrait=\"\" data-height-mobile-landscape=\"40\" style=\"clear:both;display:block;\"><\/div>[\/vc_column_inner][vc_column_inner el_class=\u00bbpl40&#8243; width=\u00bb3\/5&#8243;]<div class=\"ult-animation  ult-animate-viewport  ult-no-mobile \" data-animate=\"fadeInRight\" data-animation-delay=\"0.4\" data-animation-duration=\"3\" data-animation-iteration=\"1\" style=\"opacity:0;\" data-opacity_start_effect=\"\"><div class=\"ult-spacer spacer-69d3cf86143be\" data-id=\"69d3cf86143be\" data-height=\"60\" data-height-mobile=\"60\" data-height-tab=\"60\" data-height-tab-portrait=\"\" data-height-mobile-landscape=\"\" style=\"clear:both;display:block;\"><\/div>[vc_column_text el_class=\u00bbf16l28&#8243;]Enerpos Korea tiene como principal actividad el suministro de partes y piezas<br \/>\nde repuesto para las plantas el\u00e9ctricas, pero tambi\u00e9n asiste t\u00e9cnicamente a<br \/>\nnuestros clientes en la operaci\u00f3n y mantenimiento de ellas, ofrecemos servicios<br \/>\nde ingenier\u00eda en el montaje de nuevas plantas y damos opciones de<br \/>\nreacondicionamiento de determinadas partes y componentes para reducir los costos de operaci\u00f3n.[\/vc_column_text][vc_column_text el_class=\u00bbf16l28&#8243; css=\u00bb.vc_custom_1667966875652{margin-bottom: 0px !important;}\u00bb]Todo esto nos permite ser un socio confiable y \u00fatil en el negocio<br \/>\nde la generaci\u00f3n de electricidad.[\/vc_column_text]<\/div>[\/vc_column_inner][\/vc_row_inner]<div class=\"ult-spacer spacer-69d3cf86143cd\" data-id=\"69d3cf86143cd\" data-height=\"100\" data-height-mobile=\"50\" data-height-tab=\"\" data-height-tab-portrait=\"\" data-height-mobile-landscape=\"50\" style=\"clear:both;display:block;\"><\/div>[\/vc_column][\/vc_row]<\/p>\n","protected":false},"excerpt":{"rendered":"<p>[vc_row full_width=\u00bbstretch_row_content_no_spaces\u00bb el_class=\u00bbsub_menu\u00bb][vc_column][vc_wp_custommenu nav_menu=\u00bb6&#8243; el_class=\u00bbsub_menu_col sub_menu_col6&#8243;][\/vc_column][\/vc_row][vc_row bg_type=\u00bbimage\u00bb parallax_style=\u00bbvcpb-default\u00bb bg_image_new=\u00bbid^237|url^http:\/\/enerpos1.mycafe24.com\/es\/wp-content\/uploads\/sites\/3\/2022\/11\/ser_bg.jpg|caption^null|alt^null|title^null|description^null\u00bb bg_image_repeat=\u00bbno-repeat\u00bb el_class=\u00bbw1240&#8243;][vc_column][vc_row_inner][vc_column_inner width=\u00bb2\/5&#8243;][\/vc_column_inner][vc_column_inner el_class=\u00bbpl40&#8243; width=\u00bb3\/5&#8243;][\/vc_column_inner][\/vc_row_inner][\/vc_column][\/vc_row]<\/p>\n","protected":false},"author":1,"featured_media":0,"parent":0,"menu_order":0,"comment_status":"closed","ping_status":"closed","template":"","meta":[],"_links":{"self":[{"href":"https:\/\/enerpos1.mycafe24.com\/es\/wp-json\/wp\/v2\/pages\/235"}],"collection":[{"href":"https:\/\/enerpos1.mycafe24.com\/es\/wp-json\/wp\/v2\/pages"}],"about":[{"href":"https:\/\/enerpos1.mycafe24.com\/es\/wp-json\/wp\/v2\/types\/page"}],"author":[{"embeddable":true,"href":"https:\/\/enerpos1.mycafe24.com\/es\/wp-json\/wp\/v2\/users\/1"}],"replies":[{"embeddable":true,"href":"https:\/\/enerpos1.mycafe24.com\/es\/wp-json\/wp\/v2\/comments?post=235"}],"version-history":[{"count":3,"href":"https:\/\/enerpos1.mycafe24.com\/es\/wp-json\/wp\/v2\/pages\/235\/revisions"}],"predecessor-version":[{"id":247,"href":"https:\/\/enerpos1.mycafe24.com\/es\/wp-json\/wp\/v2\/pages\/235\/revisions\/247"}],"wp:attachment":[{"href":"https:\/\/enerpos1.mycafe24.com\/es\/wp-json\/wp\/v2\/media?parent=235"}],"curies":[{"name":"wp","href":"https:\/\/api.w.org\/{rel}","templated":true}]}}