{"id":204,"date":"2022-11-09T11:30:40","date_gmt":"2022-11-09T02:30:40","guid":{"rendered":"https:\/\/enerpos1.mycafe24.com\/es\/?page_id=204"},"modified":"2022-11-14T09:25:59","modified_gmt":"2022-11-14T08:25:59","slug":"productos","status":"publish","type":"page","link":"https:\/\/enerpos1.mycafe24.com\/es\/productos\/","title":{"rendered":"PRODUCTOS"},"content":{"rendered":"<p>[vc_row full_width=\u00bbstretch_row_content_no_spaces\u00bb el_class=\u00bbsub_menu\u00bb][vc_column][vc_wp_custommenu nav_menu=\u00bb6&#8243; el_class=\u00bbsub_menu_col sub_menu_col6&#8243;][\/vc_column][\/vc_row][vc_row css=\u00bb.vc_custom_1667887433466{margin-bottom: 0px !important;}\u00bb el_class=\u00bbw1240&#8243;][vc_column]<div class=\"ult-spacer spacer-69d4b4413b6f2\" data-id=\"69d4b4413b6f2\" data-height=\"100\" data-height-mobile=\"50\" data-height-tab=\"\" data-height-tab-portrait=\"\" data-height-mobile-landscape=\"50\" style=\"clear:both;display:block;\"><\/div><div class=\"ult-animation  ult-animate-viewport  ult-no-mobile \" data-animate=\"fadeInUp\" data-animation-delay=\"0\" data-animation-duration=\"3\" data-animation-iteration=\"1\" style=\"opacity:0;\" data-opacity_start_effect=\"\">[vc_single_image image=\u00bb207&#8243; img_size=\u00bbfull\u00bb alignment=\u00bbcenter\u00bb][vc_column_text el_class=\u00bbf26l34 fw300 tit_bar\u00bb css=\u00bb.vc_custom_1668046405257{margin-bottom: 0px !important;}\u00bb]<\/p>\n<p style=\"text-align: center;\">Suministro de partes y piezas de repuesto para las plantas el\u00e9ctricas.<\/p>\n<p>[\/vc_column_text]<\/div><div class=\"ult-spacer spacer-69d4b4413b755\" data-id=\"69d4b4413b755\" data-height=\"90\" data-height-mobile=\"40\" data-height-tab=\"\" data-height-tab-portrait=\"\" data-height-mobile-landscape=\"40\" style=\"clear:both;display:block;\"><\/div>[vc_row_inner el_class=\u00bbgreet_box\u00bb css=\u00bb.vc_custom_1667887879596{margin-bottom: 60px !important;background-image: url(https:\/\/enerpos1.mycafe24.com\/wp-content\/uploads\/2022\/11\/pro1.png?id=184) !important;background-position: center !important;background-repeat: no-repeat !important;background-size: cover !important;}\u00bb][vc_column_inner]<div class=\"ult-spacer spacer-69d4b4413b764\" data-id=\"69d4b4413b764\" data-height=\"75\" data-height-mobile=\"75\" data-height-tab=\"75\" data-height-tab-portrait=\"\" data-height-mobile-landscape=\"\" style=\"clear:both;display:block;\"><\/div><div class=\"ult-animation  ult-animate-viewport  ult-no-mobile \" data-animate=\"fadeInUp\" data-animation-delay=\"0\" data-animation-duration=\"3\" data-animation-iteration=\"1\" style=\"opacity:0;\" data-opacity_start_effect=\"\">[vc_column_text el_class=\u00bbcfff f16l30&#8243;]<\/p>\n<p style=\"text-align: center;\"><span class=\"cfff f35l35 fw500\" style=\"text-shadow: none; margin-bottom: 40px;\">\u275d<\/span><br \/>\n<span class=\"f24l24 fw400\" style=\"margin-bottom: 30px;\">Mercados<\/span><br \/>\nRespaldados por nuestra larga experiencia en el suministro de piezas de repuesto y mantenimiento de plantas el\u00e9ctricas, hemos suministrado y suministramos vol\u00famenes importantes de piezas a empresas de Centro y Sur Am\u00e9rica, \u00c1frica y Medio Oriente. Tambi\u00e9n las hemos asistido con soluciones t\u00e9cnicas.<br \/>\n<span class=\"cfff f35l35 fw500\" style=\"text-shadow: none; margin-top: 14px; display: inline-block;\">\u275d<\/span><\/p>\n<p>[\/vc_column_text]<\/div><div class=\"ult-spacer spacer-69d4b4413b79f\" data-id=\"69d4b4413b79f\" data-height=\"75\" data-height-mobile=\"75\" data-height-tab=\"75\" data-height-tab-portrait=\"\" data-height-mobile-landscape=\"\" style=\"clear:both;display:block;\"><\/div>[\/vc_column_inner][\/vc_row_inner][vc_row_inner][vc_column_inner width=\u00bb1\/3&#8243;]<div class=\"ult-animation  ult-animate-viewport  ult-no-mobile \" data-animate=\"fadeInLeft\" data-animation-delay=\"0\" data-animation-duration=\"3\" data-animation-iteration=\"1\" style=\"opacity:0;\" data-opacity_start_effect=\"\">[vc_raw_html css=\u00bb.vc_custom_1667960938744{margin-bottom: 0px !important;}\u00bb]JTNDZGl2JTIwY2xhc3MlM0QlMjJwX2JveCUyMHAxJTIyJTIwb25jbGljayUzRCUyMmxvY2F0aW9uLmhyZWYlM0QlMjclMkZlcyUyRnBvd2VyLXBhY2slMkYlMjclM0IlMjIlM0UlMEElM0NpbWclMjBzcmMlM0QlMjIlMkZ3cC1jb250ZW50JTJGdXBsb2FkcyUyRjIwMjIlMkYxMSUyRnAyLnBuZyUyMiUzRSUwQSUzQ3AlMjBjbGFzcyUzRCUyMnBfdGl0JTIyJTNFQ29uanVudG8lMjBkZSUyMHBvdGVuY2lhJTNDJTJGcCUzRSUwQSUzQ3AlMjBjbGFzcyUzRCUyMnBfYnRuJTIyJTNFJTI2JTIzMTAxNDAlM0IlM0MlMkZwJTNFJTBBJTNDJTJGZGl2JTNF[\/vc_raw_html]<div class=\"ult-spacer spacer-69d4b4413b80d\" data-id=\"69d4b4413b80d\" data-height=\"0\" data-height-mobile=\"40\" data-height-tab=\"\" data-height-tab-portrait=\"\" data-height-mobile-landscape=\"40\" style=\"clear:both;display:block;\"><\/div><\/div>[\/vc_column_inner][vc_column_inner width=\u00bb1\/3&#8243;]<div class=\"ult-animation  ult-animate-viewport  ult-no-mobile \" data-animate=\"fadeInLeft\" data-animation-delay=\"0\" data-animation-duration=\"3\" data-animation-iteration=\"1\" style=\"opacity:0;\" data-opacity_start_effect=\"\">[vc_raw_html css=\u00bb.vc_custom_1667973417389{margin-bottom: 0px !important;}\u00bb]JTNDZGl2JTIwY2xhc3MlM0QlMjJwX2JveCUyMHAyJTIyJTIwb25jbGljayUzRCUyMmxvY2F0aW9uLmhyZWYlM0QlMjclMkZlcyUyRmluamVjdGlvbi1zeXN0ZW0lMkYlMkYlMjclM0IlMjIlM0UlMEElM0NpbWclMjBzcmMlM0QlMjIlMkZ3cC1jb250ZW50JTJGdXBsb2FkcyUyRjIwMjIlMkYxMSUyRnAzLnBuZyUyMiUzRSUwQSUzQ3AlMjBjbGFzcyUzRCUyMnBfdGl0JTIyJTNFU2lzdGVtYSUyMGRlJTIwSW55ZWNjaSVDMyVCM24lM0MlMkZwJTNFJTBBJTNDcCUyMGNsYXNzJTNEJTIycF9idG4lMjIlM0UlMjYlMjMxMDE0MCUzQiUzQyUyRnAlM0UlMEElM0MlMkZkaXYlM0U=[\/vc_raw_html]<div class=\"ult-spacer spacer-69d4b4413b851\" data-id=\"69d4b4413b851\" data-height=\"0\" data-height-mobile=\"40\" data-height-tab=\"\" data-height-tab-portrait=\"\" data-height-mobile-landscape=\"40\" style=\"clear:both;display:block;\"><\/div><\/div>[\/vc_column_inner][vc_column_inner width=\u00bb1\/3&#8243;]<div class=\"ult-animation  ult-animate-viewport  ult-no-mobile \" data-animate=\"fadeInLeft\" data-animation-delay=\"0.8\" data-animation-duration=\"3\" data-animation-iteration=\"1\" style=\"opacity:0;\" data-opacity_start_effect=\"\">[vc_raw_html css=\u00bb.vc_custom_1667973423220{margin-bottom: 0px !important;}\u00bb]JTNDZGl2JTIwY2xhc3MlM0QlMjJwX2JveCUyMHAzJTIyJTIwb25jbGljayUzRCUyMmxvY2F0aW9uLmhyZWYlM0QlMjclMkZlcyUyRmNvbXByZXNzb3IlMkYlMjclM0IlMjIlM0UlMEElM0NpbWclMjBzcmMlM0QlMjIlMkZ3cC1jb250ZW50JTJGdXBsb2FkcyUyRjIwMjIlMkYxMSUyRnA0LnBuZyUyMiUzRSUwQSUzQ3AlMjBjbGFzcyUzRCUyMnBfdGl0JTIyJTNFQ29tcHJlc3NvciUzQyUyRnAlM0UlMEElM0NwJTIwY2xhc3MlM0QlMjJwX2J0biUyMiUzRSUyNiUyMzEwMTQwJTNCJTNDJTJGcCUzRSUwQSUzQyUyRmRpdiUzRQ==[\/vc_raw_html]<div class=\"ult-spacer spacer-69d4b4413b88e\" data-id=\"69d4b4413b88e\" data-height=\"0\" data-height-mobile=\"40\" data-height-tab=\"\" data-height-tab-portrait=\"\" data-height-mobile-landscape=\"40\" style=\"clear:both;display:block;\"><\/div><\/div>[\/vc_column_inner][\/vc_row_inner]<div class=\"ult-spacer spacer-69d4b4413b89e\" data-id=\"69d4b4413b89e\" data-height=\"30\" data-height-mobile=\"0\" data-height-tab=\"\" data-height-tab-portrait=\"\" data-height-mobile-landscape=\"0\" style=\"clear:both;display:block;\"><\/div>[vc_row_inner][vc_column_inner width=\u00bb1\/3&#8243;]<div class=\"ult-animation  ult-animate-viewport  ult-no-mobile \" data-animate=\"fadeInLeft\" data-animation-delay=\"0\" data-animation-duration=\"3\" data-animation-iteration=\"1\" style=\"opacity:0;\" data-opacity_start_effect=\"\">[vc_raw_html css=\u00bb.vc_custom_1667973431372{margin-bottom: 0px !important;}\u00bb]JTNDZGl2JTIwY2xhc3MlM0QlMjJwX2JveCUyMHA0JTIyJTIwb25jbGljayUzRCUyMmxvY2F0aW9uLmhyZWYlM0QlMjclMkZlcyUyRmVsZWN0cmljLXN5c3RlbSUyRiUyNyUzQiUyMiUzRSUwQSUzQ2ltZyUyMHNyYyUzRCUyMiUyRndwLWNvbnRlbnQlMkZ1cGxvYWRzJTJGMjAyMiUyRjExJTJGcDUucG5nJTIyJTNFJTBBJTNDcCUyMGNsYXNzJTNEJTIycF90aXQlMjIlM0VTaXN0ZW1hJTIwRWwlQzMlQTljdHJpY28lM0MlMkZwJTNFJTBBJTNDcCUyMGNsYXNzJTNEJTIycF9idG4lMjIlM0UlMjYlMjMxMDE0MCUzQiUzQyUyRnAlM0UlMEElM0MlMkZkaXYlM0U=[\/vc_raw_html]<div class=\"ult-spacer spacer-69d4b4413b8d5\" data-id=\"69d4b4413b8d5\" data-height=\"0\" data-height-mobile=\"40\" data-height-tab=\"\" data-height-tab-portrait=\"\" data-height-mobile-landscape=\"40\" style=\"clear:both;display:block;\"><\/div><\/div>[\/vc_column_inner][vc_column_inner width=\u00bb1\/3&#8243;]<div class=\"ult-animation  ult-animate-viewport  ult-no-mobile \" data-animate=\"fadeInLeft\" data-animation-delay=\"0\" data-animation-duration=\"3\" data-animation-iteration=\"1\" style=\"opacity:0;\" data-opacity_start_effect=\"\">[vc_raw_html css=\u00bb.vc_custom_1667960979700{margin-bottom: 0px !important;}\u00bb]JTNDZGl2JTIwY2xhc3MlM0QlMjJwX2JveCUyMHA1JTIyJTIwb25jbGljayUzRCUyMmxvY2F0aW9uLmhyZWYlM0QlMjclMkZlcyUyRlB1cmlmaWVyJTJGJTI3JTNCJTIyJTNFJTBBJTNDaW1nJTIwc3JjJTNEJTIyJTJGd3AtY29udGVudCUyRnVwbG9hZHMlMkYyMDIyJTJGMTElMkZwNi5wbmclMjIlM0UlMEElM0NwJTIwY2xhc3MlM0QlMjJwX3RpdCUyMiUzRVB1cmlmaWNhZG9yJTNDJTJGcCUzRSUwQSUzQ3AlMjBjbGFzcyUzRCUyMnBfYnRuJTIyJTNFJTI2JTIzMTAxNDAlM0IlM0MlMkZwJTNFJTBBJTNDJTJGZGl2JTNF[\/vc_raw_html]<div class=\"ult-spacer spacer-69d4b4413b90f\" data-id=\"69d4b4413b90f\" data-height=\"0\" data-height-mobile=\"40\" data-height-tab=\"\" data-height-tab-portrait=\"\" data-height-mobile-landscape=\"40\" style=\"clear:both;display:block;\"><\/div><\/div>[\/vc_column_inner][vc_column_inner width=\u00bb1\/3&#8243;]<div class=\"ult-animation  ult-animate-viewport  ult-no-mobile \" data-animate=\"fadeInLeft\" data-animation-delay=\"0.8\" data-animation-duration=\"3\" data-animation-iteration=\"1\" style=\"opacity:0;\" data-opacity_start_effect=\"\">[vc_raw_html css=\u00bb.vc_custom_1668414358306{margin-bottom: 0px !important;}\u00bb]JTNDZGl2JTIwY2xhc3MlM0QlMjJwX2JveCUyMHA2JTIyJTIwb25jbGljayUzRCUyMmxvY2F0aW9uLmhyZWYlM0QlMjclMkZlcyUyRnNlcnZpY2VzJTJGJTI3JTNCJTIyJTNFJTBBJTNDcCUyMGNsYXNzJTNEJTIycDZfdGl0JTIyJTNFU2VydmljaW9zJTNDJTJGcCUzRSUwQSUzQ3AlMjBjbGFzcyUzRCUyMnBfZGVzYyUyMiUzRUVjaGElMjB1biUyMHZpc3Rhem8lMjBhJTIwbG9zJTIwc2VydmljaW9zJTNDYnIlM0UlMjAlMEFkZSUyMEVuZXJwb3MlMjBDb3JlYSUyMHByb3BvcmNpb25hJTNDYnIlM0UlMEFhJTIwbG9zJTIwY2xpZW50ZXMuJTNDJTJGcCUzRSUwQSUzQ2RpdiUyMGNsYXNzJTNEJTIycDZfYnRuJTIyJTNFVmlzdGElMjZuYnNwJTNCJTI2bmJzcCUzQiUyNm5ic3AlM0IlMjZuYnNwJTNCJTJCJTNDJTJGZGl2JTNFJTBBJTNDJTJGZGl2JTNF[\/vc_raw_html]<\/div>[\/vc_column_inner][\/vc_row_inner]<div class=\"ult-spacer spacer-69d4b4413b944\" data-id=\"69d4b4413b944\" data-height=\"100\" data-height-mobile=\"50\" data-height-tab=\"\" data-height-tab-portrait=\"\" data-height-mobile-landscape=\"50\" style=\"clear:both;display:block;\"><\/div>[\/vc_column][\/vc_row]<\/p>\n","protected":false},"excerpt":{"rendered":"<p>[vc_row full_width=\u00bbstretch_row_content_no_spaces\u00bb el_class=\u00bbsub_menu\u00bb][vc_column][vc_wp_custommenu nav_menu=\u00bb6&#8243; el_class=\u00bbsub_menu_col sub_menu_col6&#8243;][\/vc_column][\/vc_row][vc_row css=\u00bb.vc_custom_1667887433466{margin-bottom: 0px !important;}\u00bb el_class=\u00bbw1240&#8243;][vc_column][vc_row_inner el_class=\u00bbgreet_box\u00bb css=\u00bb.vc_custom_1667887879596{margin-bottom: 60px !important;background-image: url(https:\/\/enerpos1.mycafe24.com\/wp-content\/uploads\/2022\/11\/pro1.png?id=184) !important;background-position: center !important;background-repeat: no-repeat !important;background-size: cover !important;}\u00bb][vc_column_inner][\/vc_column_inner][\/vc_row_inner][vc_row_inner][vc_column_inner width=\u00bb1\/3&#8243;][\/vc_column_inner][vc_column_inner width=\u00bb1\/3&#8243;][\/vc_column_inner][vc_column_inner width=\u00bb1\/3&#8243;][\/vc_column_inner][\/vc_row_inner][vc_row_inner][vc_column_inner width=\u00bb1\/3&#8243;][\/vc_column_inner][vc_column_inner width=\u00bb1\/3&#8243;][\/vc_column_inner][vc_column_inner width=\u00bb1\/3&#8243;][\/vc_column_inner][\/vc_row_inner][\/vc_column][\/vc_row]<\/p>\n","protected":false},"author":1,"featured_media":0,"parent":0,"menu_order":0,"comment_status":"closed","ping_status":"closed","template":"","meta":[],"_links":{"self":[{"href":"https:\/\/enerpos1.mycafe24.com\/es\/wp-json\/wp\/v2\/pages\/204"}],"collection":[{"href":"https:\/\/enerpos1.mycafe24.com\/es\/wp-json\/wp\/v2\/pages"}],"about":[{"href":"https:\/\/enerpos1.mycafe24.com\/es\/wp-json\/wp\/v2\/types\/page"}],"author":[{"embeddable":true,"href":"https:\/\/enerpos1.mycafe24.com\/es\/wp-json\/wp\/v2\/users\/1"}],"replies":[{"embeddable":true,"href":"https:\/\/enerpos1.mycafe24.com\/es\/wp-json\/wp\/v2\/comments?post=204"}],"version-history":[{"count":10,"href":"https:\/\/enerpos1.mycafe24.com\/es\/wp-json\/wp\/v2\/pages\/204\/revisions"}],"predecessor-version":[{"id":310,"href":"https:\/\/enerpos1.mycafe24.com\/es\/wp-json\/wp\/v2\/pages\/204\/revisions\/310"}],"wp:attachment":[{"href":"https:\/\/enerpos1.mycafe24.com\/es\/wp-json\/wp\/v2\/media?parent=204"}],"curies":[{"name":"wp","href":"https:\/\/api.w.org\/{rel}","templated":true}]}}