{"id":155,"date":"2022-11-03T14:05:20","date_gmt":"2022-11-03T05:05:20","guid":{"rendered":"https:\/\/enerpos1.mycafe24.com\/?page_id=155"},"modified":"2022-11-09T16:26:25","modified_gmt":"2022-11-09T07:26:25","slug":"policy","status":"publish","type":"page","link":"https:\/\/enerpos1.mycafe24.com\/es\/policy\/","title":{"rendered":"Pol\u00edtica de Gesti\u00f3n"},"content":{"rendered":"<p>[vc_row full_width=\u00bbstretch_row_content_no_spaces\u00bb el_class=\u00bbsub_menu\u00bb][vc_column][vc_wp_custommenu nav_menu=\u00bb2&#8243; el_class=\u00bbsub_menu_col sub_menu_col3&#8243;][\/vc_column][\/vc_row][vc_row css=\u00bb.vc_custom_1667452120590{margin-bottom: 0px !important;}\u00bb el_class=\u00bbw1240&#8243;][vc_column]<div class=\"ult-spacer spacer-69d3e2ee557b9\" data-id=\"69d3e2ee557b9\" data-height=\"100\" data-height-mobile=\"50\" data-height-tab=\"\" data-height-tab-portrait=\"\" data-height-mobile-landscape=\"50\" style=\"clear:both;display:block;\"><\/div><div class=\"ult-animation  ult-animate-viewport  ult-no-mobile \" data-animate=\"fadeInUp\" data-animation-delay=\"0\" data-animation-duration=\"3\" data-animation-iteration=\"1\" style=\"opacity:0;\" data-opacity_start_effect=\"\">[vc_raw_html css=\u00bb.vc_custom_1667808003553{margin-bottom: 0px !important;}\u00bb]JTNDZGl2JTIwY2xhc3MlM0QlMjJwb2xpY3lfYm94JTIyJTNFJTBBJTNDZGl2JTIwY2xhc3MlM0QlMjJwb2xpY3lfbG9nbyUyMiUzRSUzQ2ltZyUyMHNyYyUzRCUyMiUyRndwLWNvbnRlbnQlMkZ1cGxvYWRzJTJGMjAyMiUyRjExJTJGcG9saWN5X2xvZ28ucG5nJTIyJTNFJTNDJTJGZGl2JTNFJTBBJTNDcCUyMGNsYXNzJTNEJTIyY2ZmZiUyMHBvbGljeV9kZXNjJTIyJTNFRGUlMjBtYW5lcmElMjBnZW5lcmFsJTJDJTIwbm9zJTIwZW5mb2NhbW9zJTIwZW4lMjB0cmVzJTIwZGlyZWNjaW9uZXMlMjBwcmluY2lwYWxlcyUzQSUyMGVsJTIwcHJpbWVybyUyMGVzJTIwbWFudGVuZXIlMjBzaWVtcHJlJTIwcGllemFzJTIwY2xhdmVzJTIwZGUlMjBhbHRhJTIwY2FsaWRhZCUyMHBhcmElMjBnYXJhbnRpemFyJTIwdW5hJTIwZW50cmVnYSUyMHIlQzMlQTFwaWRhJTJDJTIwZWwlMjBzZWd1bmRvJTIwZXMlMjBlbnRyZWdhciUyMHByb2R1Y3RvcyUyMHZlcmlmaWNhZG9zJTIwYSUyMHRyYXYlQzMlQTlzJTIwZGUlMjBwcnVlYmFzJTIwcHJldmlhcyUyMGluY2x1c28lMjBlbiUyMGxhcyUyMGluc3RhbGFjaW9uZXMlMjBkZWwlMjBjbGllbnRlJTIweSUyMHBvciUyMCVDMyVCQWx0aW1vJTJDJTIwbWFudGVuZW1vcyUyMHVuYSUyMGVzdHJlY2hhJTIwY29sYWJvcmFjaSVDMyVCM24lMjBjb24lMjBsYXMlMjBlbXByZXNhcyUyMGFzb2NpYWRhcyUyMCUyOGYlQzMlQTFicmljYXMlMjB5JTIwY2xpZW50ZXMlMjklMjBwYXJhJTIwZ2FyYW50aXphciUyMHVubyUyMGRlJTIwbnVlc3Ryb3MlMjBwcmluY2lwYWxlcyUyMG9iamV0aXZvcyUyMHF1ZSUyMGVzJTIwcmVkdWNpciUyMGVsJTIwY29zdG8lMkMlMjBhanVzdGFuZG8lMjBwcmV2aWFtZW50ZSUyMGVsJTIwcHJvZ3JhbWElMjBkZSUyMHByb2R1Y2NpJUMzJUIzbiUyMHBlcm8lMjBnYXJhbnRpemFuZG8lMjBsYSUyMGFsdGElMjBlZmljaWVuY2lhJTIwZGUlMjBsYXMlMjBwaWV6YXMuJTNDJTJGcCUzRSUwQSUzQyUyRmRpdiUzRQ==[\/vc_raw_html]<\/div>[\/vc_column][\/vc_row][vc_row el_class=\u00bbw1240&#8243;][vc_column]<div class=\"ult-spacer spacer-69d3e2ee55815\" data-id=\"69d3e2ee55815\" data-height=\"80\" data-height-mobile=\"80\" data-height-tab=\"80\" data-height-tab-portrait=\"\" data-height-mobile-landscape=\"\" style=\"clear:both;display:block;\"><\/div><div class=\"ult-animation  ult-animate-viewport  ult-no-mobile \" data-animate=\"fadeInUp\" data-animation-delay=\"0\" data-animation-duration=\"3\" data-animation-iteration=\"1\" style=\"opacity:0;\" data-opacity_start_effect=\"\">[vc_single_image image=\u00bb207&#8243; img_size=\u00bbfull\u00bb alignment=\u00bbcenter\u00bb][vc_column_text css=\u00bb.vc_custom_1667972044008{margin-bottom: 0px !important;}\u00bb el_class=\u00bbf24l32 tit_bar fw500&#8243;]<\/p>\n<p style=\"text-align: center;\">Todo esto nos permite<\/p>\n<p>[\/vc_column_text]<div class=\"ult-spacer spacer-69d3e2ee5587c\" data-id=\"69d3e2ee5587c\" data-height=\"85\" data-height-mobile=\"85\" data-height-tab=\"85\" data-height-tab-portrait=\"\" data-height-mobile-landscape=\"\" style=\"clear:both;display:block;\"><\/div><\/div>[vc_row_inner][vc_column_inner width=\u00bb1\/2&#8243; css=\u00bb.vc_custom_1667972102035{padding-right: 0px !important;padding-left: 0px !important;}\u00bb]<div class=\"ult-animation  ult-animate-viewport  ult-no-mobile \" data-animate=\"fadeInLeft\" data-animation-delay=\"0\" data-animation-duration=\"3\" data-animation-iteration=\"1\" style=\"opacity:0;\" data-opacity_start_effect=\"\">[vc_single_image image=\u00bb158&#8243; img_size=\u00bbfull\u00bb el_class=\u00bbp_img\u00bb css=\u00bb.vc_custom_1667972109039{margin-bottom: 0px !important;}\u00bb]<div class=\"ult-spacer spacer-69d3e2ee558bd\" data-id=\"69d3e2ee558bd\" data-height=\"0\" data-height-mobile=\"30\" data-height-tab=\"\" data-height-tab-portrait=\"\" data-height-mobile-landscape=\"30\" style=\"clear:both;display:block;\"><\/div><\/div>[\/vc_column_inner][vc_column_inner el_class=\u00bbp_desc\u00bb width=\u00bb1\/2&#8243;]<div class=\"ult-spacer spacer-69d3e2ee558ce\" data-id=\"69d3e2ee558ce\" data-height=\"250\" data-height-mobile=\"50\" data-height-tab=\"\" data-height-tab-portrait=\"\" data-height-mobile-landscape=\"50\" style=\"clear:both;display:block;\"><\/div><div class=\"ult-animation  ult-animate-viewport  ult-no-mobile \" data-animate=\"fadeInRight\" data-animation-delay=\"0.4\" data-animation-duration=\"3\" data-animation-iteration=\"1\" style=\"opacity:0;\" data-opacity_start_effect=\"\">[vc_column_text el_class=\u00bbf18l26 fw400&#8243; css=\u00bb.vc_custom_1667808099068{margin-bottom: 10px !important;}\u00bb]Precio m\u00e1s bajo que los competidores:[\/vc_column_text][vc_column_text el_class=\u00bbf16l24 pl5&#8243; css=\u00bb.vc_custom_1667808112005{margin-bottom: 0px !important;}\u00bb]Antes de recibir los pedidos de los clientes, podemos ajustar los programas de producci\u00f3n con los fabricantes a trav\u00e9s de un sistema de pre-compra. Esto se refleja en el costo y los tiempos de entrega.[\/vc_column_text]<\/div><div class=\"ult-spacer spacer-69d3e2ee55903\" data-id=\"69d3e2ee55903\" data-height=\"0\" data-height-mobile=\"50\" data-height-tab=\"\" data-height-tab-portrait=\"\" data-height-mobile-landscape=\"50\" style=\"clear:both;display:block;\"><\/div>[\/vc_column_inner][\/vc_row_inner]<div class=\"ult-spacer spacer-69d3e2ee55911\" data-id=\"69d3e2ee55911\" data-height=\"30\" data-height-mobile=\"60\" data-height-tab=\"\" data-height-tab-portrait=\"\" data-height-mobile-landscape=\"60\" style=\"clear:both;display:block;\"><\/div>[vc_row_inner][vc_column_inner el_class=\u00bbp_desc\u00bb width=\u00bb1\/2&#8243; offset=\u00bbvc_hidden-sm vc_hidden-xs\u00bb]<div class=\"ult-spacer spacer-69d3e2ee5591d\" data-id=\"69d3e2ee5591d\" data-height=\"190\" data-height-mobile=\"50\" data-height-tab=\"\" data-height-tab-portrait=\"\" data-height-mobile-landscape=\"50\" style=\"clear:both;display:block;\"><\/div><div class=\"ult-animation  ult-animate-viewport  ult-no-mobile \" data-animate=\"fadeInLeft\" data-animation-delay=\"0\" data-animation-duration=\"3\" data-animation-iteration=\"1\" style=\"opacity:0;\" data-opacity_start_effect=\"\">[vc_column_text el_class=\u00bbf18l26 fw400&#8243; css=\u00bb.vc_custom_1667808264122{margin-bottom: 10px !important;}\u00bb]Gesti\u00f3n del sistema de pre-test:[\/vc_column_text][vc_column_text el_class=\u00bbf16l24 pl5&#8243; css=\u00bb.vc_custom_1667808284451{margin-bottom: 0px !important;}\u00bb]Brindamos a las f\u00e1bricas informaci\u00f3n sobre el rendimiento y las caracter\u00edsticas de varias piezas de los clientes y mantenemos un sistema de intercambio para mejorar la calidad del producto. Realizamos pruebas de rendimiento para entregar productos mejorados a los clientes y operamos un sistema para retroalimentar los resultados.[\/vc_column_text]<div class=\"ult-spacer spacer-69d3e2ee55953\" data-id=\"69d3e2ee55953\" data-height=\"0\" data-height-mobile=\"50\" data-height-tab=\"\" data-height-tab-portrait=\"\" data-height-mobile-landscape=\"50\" style=\"clear:both;display:block;\"><\/div><\/div>[\/vc_column_inner][vc_column_inner width=\u00bb1\/2&#8243; offset=\u00bbvc_hidden-sm vc_hidden-xs\u00bb css=\u00bb.vc_custom_1667972128065{padding-right: 0px !important;padding-left: 0px !important;}\u00bb]<div class=\"ult-animation  ult-animate-viewport  ult-no-mobile \" data-animate=\"fadeInRight\" data-animation-delay=\"0.4\" data-animation-duration=\"3\" data-animation-iteration=\"1\" style=\"opacity:0;\" data-opacity_start_effect=\"\">[vc_single_image image=\u00bb197&#8243; img_size=\u00bbfull\u00bb alignment=\u00bbright\u00bb el_class=\u00bbp_img\u00bb css=\u00bb.vc_custom_1667972135062{margin-bottom: 0px !important;}\u00bb]<div class=\"ult-spacer spacer-69d3e2ee5598b\" data-id=\"69d3e2ee5598b\" data-height=\"0\" data-height-mobile=\"30\" data-height-tab=\"\" data-height-tab-portrait=\"\" data-height-mobile-landscape=\"30\" style=\"clear:both;display:block;\"><\/div><\/div>[\/vc_column_inner][\/vc_row_inner][vc_row_inner][vc_column_inner width=\u00bb1\/2&#8243; offset=\u00bbvc_hidden-lg vc_hidden-md\u00bb]<div class=\"ult-animation  ult-animate-viewport  ult-no-mobile \" data-animate=\"fadeInLeft\" data-animation-delay=\"0\" data-animation-duration=\"3\" data-animation-iteration=\"1\" style=\"opacity:0;\" data-opacity_start_effect=\"\">[vc_single_image image=\u00bb197&#8243; img_size=\u00bbfull\u00bb el_class=\u00bbp_img\u00bb css=\u00bb.vc_custom_1667808291187{margin-bottom: 0px !important;}\u00bb]<div class=\"ult-spacer spacer-69d3e2ee559c1\" data-id=\"69d3e2ee559c1\" data-height=\"0\" data-height-mobile=\"30\" data-height-tab=\"\" data-height-tab-portrait=\"\" data-height-mobile-landscape=\"30\" style=\"clear:both;display:block;\"><\/div><\/div>[\/vc_column_inner][vc_column_inner el_class=\u00bbp_desc\u00bb width=\u00bb1\/2&#8243; offset=\u00bbvc_hidden-lg vc_hidden-md\u00bb]<div class=\"ult-spacer spacer-69d3e2ee559ce\" data-id=\"69d3e2ee559ce\" data-height=\"190\" data-height-mobile=\"50\" data-height-tab=\"\" data-height-tab-portrait=\"\" data-height-mobile-landscape=\"50\" style=\"clear:both;display:block;\"><\/div><div class=\"ult-animation  ult-animate-viewport  ult-no-mobile \" data-animate=\"fadeInRight\" data-animation-delay=\"0.4\" data-animation-duration=\"3\" data-animation-iteration=\"1\" style=\"opacity:0;\" data-opacity_start_effect=\"\">[vc_column_text el_class=\u00bbf18l26 fw400&#8243; css=\u00bb.vc_custom_1667808272915{margin-bottom: 10px !important;}\u00bb]Gesti\u00f3n del sistema de pre-test:[\/vc_column_text][vc_column_text el_class=\u00bbf16l24 pl5&#8243; css=\u00bb.vc_custom_1667808295899{margin-bottom: 0px !important;}\u00bb]Brindamos a las f\u00e1bricas informaci\u00f3n sobre el rendimiento y las caracter\u00edsticas de varias piezas de los clientes y mantenemos un sistema de intercambio para mejorar la calidad del producto. Realizamos pruebas de rendimiento para entregar productos mejorados a los clientes y operamos un sistema para retroalimentar los resultados.[\/vc_column_text]<div class=\"ult-spacer spacer-69d3e2ee55a06\" data-id=\"69d3e2ee55a06\" data-height=\"0\" data-height-mobile=\"50\" data-height-tab=\"\" data-height-tab-portrait=\"\" data-height-mobile-landscape=\"50\" style=\"clear:both;display:block;\"><\/div><\/div>[\/vc_column_inner][\/vc_row_inner]<div class=\"ult-spacer spacer-69d3e2ee55a14\" data-id=\"69d3e2ee55a14\" data-height=\"30\" data-height-mobile=\"60\" data-height-tab=\"\" data-height-tab-portrait=\"\" data-height-mobile-landscape=\"60\" style=\"clear:both;display:block;\"><\/div>[vc_row_inner][vc_column_inner width=\u00bb1\/2&#8243;]<div class=\"ult-animation  ult-animate-viewport  ult-no-mobile \" data-animate=\"fadeInLeft\" data-animation-delay=\"0\" data-animation-duration=\"3\" data-animation-iteration=\"1\" style=\"opacity:0;\" data-opacity_start_effect=\"\">[vc_single_image image=\u00bb160&#8243; img_size=\u00bbfull\u00bb el_class=\u00bbp_img\u00bb css=\u00bb.vc_custom_1667453125373{margin-bottom: 0px !important;}\u00bb]<div class=\"ult-spacer spacer-69d3e2ee55a48\" data-id=\"69d3e2ee55a48\" data-height=\"0\" data-height-mobile=\"30\" data-height-tab=\"\" data-height-tab-portrait=\"\" data-height-mobile-landscape=\"30\" style=\"clear:both;display:block;\"><\/div><\/div>[\/vc_column_inner][vc_column_inner el_class=\u00bbp_desc\u00bb width=\u00bb1\/2&#8243;]<div class=\"ult-spacer spacer-69d3e2ee55a55\" data-id=\"69d3e2ee55a55\" data-height=\"200\" data-height-mobile=\"50\" data-height-tab=\"\" data-height-tab-portrait=\"\" data-height-mobile-landscape=\"50\" style=\"clear:both;display:block;\"><\/div><div class=\"ult-animation  ult-animate-viewport  ult-no-mobile \" data-animate=\"fadeInRight\" data-animation-delay=\"0.4\" data-animation-duration=\"3\" data-animation-iteration=\"1\" style=\"opacity:0;\" data-opacity_start_effect=\"\">[vc_column_text el_class=\u00bbf18l26 fw400&#8243; css=\u00bb.vc_custom_1667808307892{margin-bottom: 10px !important;}\u00bb]Mantener en stock las partes claves:[\/vc_column_text][vc_column_text el_class=\u00bbf16l24 pl5&#8243; css=\u00bb.vc_custom_1667808315796{margin-bottom: 0px !important;}\u00bb]Sobre la base de una larga experiencia al tratar con diferentes clientes, confirmamos las partes principales y aseguramos un stock de partes mediante la compra anticipada, haciendo todo lo posible para mantener existencias para suministrar r\u00e1pidamente cuando se producen pedidos urgentes.[\/vc_column_text]<\/div><div class=\"ult-spacer spacer-69d3e2ee55a84\" data-id=\"69d3e2ee55a84\" data-height=\"0\" data-height-mobile=\"50\" data-height-tab=\"\" data-height-tab-portrait=\"\" data-height-mobile-landscape=\"50\" style=\"clear:both;display:block;\"><\/div>[\/vc_column_inner][\/vc_row_inner]<div class=\"ult-spacer spacer-69d3e2ee55a8e\" data-id=\"69d3e2ee55a8e\" data-height=\"100\" data-height-mobile=\"50\" data-height-tab=\"\" data-height-tab-portrait=\"\" data-height-mobile-landscape=\"50\" style=\"clear:both;display:block;\"><\/div>[\/vc_column][\/vc_row]<\/p>\n","protected":false},"excerpt":{"rendered":"<p>[vc_row full_width=\u00bbstretch_row_content_no_spaces\u00bb el_class=\u00bbsub_menu\u00bb][vc_column][vc_wp_custommenu nav_menu=\u00bb2&#8243; el_class=\u00bbsub_menu_col sub_menu_col3&#8243;][\/vc_column][\/vc_row][vc_row css=\u00bb.vc_custom_1667452120590{margin-bottom: 0px !important;}\u00bb el_class=\u00bbw1240&#8243;][vc_column][\/vc_column][\/vc_row][vc_row el_class=\u00bbw1240&#8243;][vc_column][vc_row_inner][vc_column_inner width=\u00bb1\/2&#8243; css=\u00bb.vc_custom_1667972102035{padding-right: 0px !important;padding-left: 0px !important;}\u00bb][\/vc_column_inner][vc_column_inner el_class=\u00bbp_desc\u00bb width=\u00bb1\/2&#8243;][\/vc_column_inner][\/vc_row_inner][vc_row_inner][vc_column_inner el_class=\u00bbp_desc\u00bb width=\u00bb1\/2&#8243; offset=\u00bbvc_hidden-sm vc_hidden-xs\u00bb][\/vc_column_inner][vc_column_inner width=\u00bb1\/2&#8243; offset=\u00bbvc_hidden-sm vc_hidden-xs\u00bb css=\u00bb.vc_custom_1667972128065{padding-right: 0px !important;padding-left: 0px !important;}\u00bb][\/vc_column_inner][\/vc_row_inner][vc_row_inner][vc_column_inner width=\u00bb1\/2&#8243; offset=\u00bbvc_hidden-lg vc_hidden-md\u00bb][\/vc_column_inner][vc_column_inner el_class=\u00bbp_desc\u00bb width=\u00bb1\/2&#8243; offset=\u00bbvc_hidden-lg vc_hidden-md\u00bb][\/vc_column_inner][\/vc_row_inner][vc_row_inner][vc_column_inner width=\u00bb1\/2&#8243;][\/vc_column_inner][vc_column_inner el_class=\u00bbp_desc\u00bb width=\u00bb1\/2&#8243;][\/vc_column_inner][\/vc_row_inner][\/vc_column][\/vc_row]<\/p>\n","protected":false},"author":1,"featured_media":0,"parent":0,"menu_order":0,"comment_status":"closed","ping_status":"closed","template":"","meta":[],"_links":{"self":[{"href":"https:\/\/enerpos1.mycafe24.com\/es\/wp-json\/wp\/v2\/pages\/155"}],"collection":[{"href":"https:\/\/enerpos1.mycafe24.com\/es\/wp-json\/wp\/v2\/pages"}],"about":[{"href":"https:\/\/enerpos1.mycafe24.com\/es\/wp-json\/wp\/v2\/types\/page"}],"author":[{"embeddable":true,"href":"https:\/\/enerpos1.mycafe24.com\/es\/wp-json\/wp\/v2\/users\/1"}],"replies":[{"embeddable":true,"href":"https:\/\/enerpos1.mycafe24.com\/es\/wp-json\/wp\/v2\/comments?post=155"}],"version-history":[{"count":4,"href":"https:\/\/enerpos1.mycafe24.com\/es\/wp-json\/wp\/v2\/pages\/155\/revisions"}],"predecessor-version":[{"id":294,"href":"https:\/\/enerpos1.mycafe24.com\/es\/wp-json\/wp\/v2\/pages\/155\/revisions\/294"}],"wp:attachment":[{"href":"https:\/\/enerpos1.mycafe24.com\/es\/wp-json\/wp\/v2\/media?parent=155"}],"curies":[{"name":"wp","href":"https:\/\/api.w.org\/{rel}","templated":true}]}}