{"id":143,"date":"2022-11-03T13:28:04","date_gmt":"2022-11-03T04:28:04","guid":{"rendered":"https:\/\/enerpos1.mycafe24.com\/?page_id=143"},"modified":"2022-11-09T13:53:48","modified_gmt":"2022-11-09T04:53:48","slug":"mission","status":"publish","type":"page","link":"https:\/\/enerpos1.mycafe24.com\/es\/mission\/","title":{"rendered":"Misi\u00f3n"},"content":{"rendered":"<p>[vc_row full_width=\u00bbstretch_row_content_no_spaces\u00bb el_class=\u00bbsub_menu\u00bb][vc_column][vc_wp_custommenu nav_menu=\u00bb2&#8243; el_class=\u00bbsub_menu_col sub_menu_col3&#8243;][\/vc_column][\/vc_row][vc_row css=\u00bb.vc_custom_1667439830869{margin-bottom: 0px !important;}\u00bb el_class=\u00bbw1240&#8243;][vc_column]<div class=\"ult-spacer spacer-69d3e40c69bdd\" data-id=\"69d3e40c69bdd\" data-height=\"100\" data-height-mobile=\"50\" data-height-tab=\"\" data-height-tab-portrait=\"\" data-height-mobile-landscape=\"50\" style=\"clear:both;display:block;\"><\/div><div class=\"ult-animation  ult-animate-viewport  ult-no-mobile \" data-animate=\"fadeInUp\" data-animation-delay=\"0\" data-animation-duration=\"3\" data-animation-iteration=\"1\" style=\"opacity:0;\" data-opacity_start_effect=\"\">[vc_single_image image=\u00bb207&#8243; img_size=\u00bbfull\u00bb alignment=\u00bbcenter\u00bb][vc_column_text el_class=\u00bbf24l32 tit_bar\u00bb css=\u00bb.vc_custom_1667969545125{margin-bottom: 0px !important;}\u00bb]<\/p>\n<p style=\"text-align: center;\">Ofrecemos productos de <span class=\"fw400\">alta calidad<\/span><br \/>\ncon <span class=\"cblue fw400\">tiempos de entrega cortos y precios competitivos.<\/span><\/p>\n<p>[\/vc_column_text]<div class=\"ult-spacer spacer-69d3e40c69c67\" data-id=\"69d3e40c69c67\" data-height=\"85\" data-height-mobile=\"85\" data-height-tab=\"85\" data-height-tab-portrait=\"\" data-height-mobile-landscape=\"\" style=\"clear:both;display:block;\"><\/div><\/div>[vc_raw_html]JTNDZGl2JTIwY2xhc3MlM0QlMjJtaXNzaW9uYm94JTIyJTNFJTBBJTNDJTJGZGl2JTNF[\/vc_raw_html]<div class=\"ult-spacer spacer-69d3e40c69c7c\" data-id=\"69d3e40c69c7c\" data-height=\"0\" data-height-mobile=\"50\" data-height-tab=\"50\" data-height-tab-portrait=\"50\" data-height-mobile-landscape=\"50\" style=\"clear:both;display:block;\"><\/div>[\/vc_column][\/vc_row][vc_row css=\u00bb.vc_custom_1667440483238{margin-bottom: 0px !important;}\u00bb el_class=\u00bbtext_box\u00bb][vc_column]<div class=\"ult-spacer spacer-69d3e40c69c88\" data-id=\"69d3e40c69c88\" data-height=\"50\" data-height-mobile=\"50\" data-height-tab=\"50\" data-height-tab-portrait=\"\" data-height-mobile-landscape=\"\" style=\"clear:both;display:block;\"><\/div><div class=\"ult-animation  ult-animate-viewport  ult-no-mobile \" data-animate=\"fadeInUp\" data-animation-delay=\"0.4\" data-animation-duration=\"3\" data-animation-iteration=\"1\" style=\"opacity:0;\" data-opacity_start_effect=\"\">[vc_column_text el_class=\u00bbf16l24&#8243;]Enerpos Korea se esfuerza por proporcionar a los clientes una atenci\u00f3n personalizada, garantiz\u00e1ndole que la operaci\u00f3n de sus instalaciones sea de bajo costo y alta eficiencia en lo que se refiere a sus repuestos. Esto lo logramos proporcionando productos de excelente calidad con corto tiempo de entrega y precios competitivos.[\/vc_column_text]<\/div><div class=\"ult-animation  ult-animate-viewport  ult-no-mobile \" data-animate=\"fadeInUp\" data-animation-delay=\"0.8\" data-animation-duration=\"3\" data-animation-iteration=\"1\" style=\"opacity:0;\" data-opacity_start_effect=\"\">[vc_column_text el_class=\u00bbf16l24&#8243;]Adicionalmente hacemos todo lo posible para mejorar las capacidades t\u00e9cnicas de sus especialistas lo que les permite un uso m\u00e1s racional de sus recursos, garantizando la calidad en el servicio de mantenimiento.[\/vc_column_text]<\/div><div class=\"ult-animation  ult-animate-viewport  ult-no-mobile \" data-animate=\"fadeInUp\" data-animation-delay=\"1.2\" data-animation-duration=\"3\" data-animation-iteration=\"1\" style=\"opacity:0;\" data-opacity_start_effect=\"\">[vc_column_text el_class=\u00bbf16l24&#8243; css=\u00bb.vc_custom_1667969580163{margin-bottom: 0px !important;}\u00bb]Somos una empresa confiable, estamos comprometidos con mantener una tasa de cero defectos y escuchamos a nuestros clientes para dar soluci\u00f3n a sus necesidades.[\/vc_column_text]<\/div><div class=\"ult-spacer spacer-69d3e40c69d0e\" data-id=\"69d3e40c69d0e\" data-height=\"50\" data-height-mobile=\"50\" data-height-tab=\"50\" data-height-tab-portrait=\"\" data-height-mobile-landscape=\"\" style=\"clear:both;display:block;\"><\/div>[\/vc_column][\/vc_row][vc_row el_class=\u00bbmh440&#8243;][vc_column]<div class=\"ult-spacer spacer-69d3e40c69d1a\" data-id=\"69d3e40c69d1a\" data-height=\"300\" data-height-mobile=\"50\" data-height-tab=\"\" data-height-tab-portrait=\"\" data-height-mobile-landscape=\"50\" style=\"clear:both;display:block;\"><\/div>[\/vc_column][\/vc_row]<\/p>\n","protected":false},"excerpt":{"rendered":"<p>[vc_row full_width=\u00bbstretch_row_content_no_spaces\u00bb el_class=\u00bbsub_menu\u00bb][vc_column][vc_wp_custommenu nav_menu=\u00bb2&#8243; el_class=\u00bbsub_menu_col sub_menu_col3&#8243;][\/vc_column][\/vc_row][vc_row css=\u00bb.vc_custom_1667439830869{margin-bottom: 0px !important;}\u00bb el_class=\u00bbw1240&#8243;][vc_column][vc_raw_html]JTNDZGl2JTIwY2xhc3MlM0QlMjJtaXNzaW9uYm94JTIyJTNFJTBBJTNDJTJGZGl2JTNF[\/vc_raw_html][\/vc_column][\/vc_row][vc_row css=\u00bb.vc_custom_1667440483238{margin-bottom: 0px !important;}\u00bb el_class=\u00bbtext_box\u00bb][vc_column][\/vc_column][\/vc_row][vc_row el_class=\u00bbmh440&#8243;][vc_column][\/vc_column][\/vc_row]<\/p>\n","protected":false},"author":1,"featured_media":0,"parent":0,"menu_order":0,"comment_status":"closed","ping_status":"closed","template":"","meta":[],"_links":{"self":[{"href":"https:\/\/enerpos1.mycafe24.com\/es\/wp-json\/wp\/v2\/pages\/143"}],"collection":[{"href":"https:\/\/enerpos1.mycafe24.com\/es\/wp-json\/wp\/v2\/pages"}],"about":[{"href":"https:\/\/enerpos1.mycafe24.com\/es\/wp-json\/wp\/v2\/types\/page"}],"author":[{"embeddable":true,"href":"https:\/\/enerpos1.mycafe24.com\/es\/wp-json\/wp\/v2\/users\/1"}],"replies":[{"embeddable":true,"href":"https:\/\/enerpos1.mycafe24.com\/es\/wp-json\/wp\/v2\/comments?post=143"}],"version-history":[{"count":4,"href":"https:\/\/enerpos1.mycafe24.com\/es\/wp-json\/wp\/v2\/pages\/143\/revisions"}],"predecessor-version":[{"id":293,"href":"https:\/\/enerpos1.mycafe24.com\/es\/wp-json\/wp\/v2\/pages\/143\/revisions\/293"}],"wp:attachment":[{"href":"https:\/\/enerpos1.mycafe24.com\/es\/wp-json\/wp\/v2\/media?parent=143"}],"curies":[{"name":"wp","href":"https:\/\/api.w.org\/{rel}","templated":true}]}}