{"id":133,"date":"2022-11-03T12:06:37","date_gmt":"2022-11-03T03:06:37","guid":{"rendered":"https:\/\/enerpos1.mycafe24.com\/?page_id=133"},"modified":"2022-11-10T11:13:06","modified_gmt":"2022-11-10T02:13:06","slug":"vision","status":"publish","type":"page","link":"https:\/\/enerpos1.mycafe24.com\/es\/vision\/","title":{"rendered":"Visi\u00f3n"},"content":{"rendered":"<p>[vc_row full_width=\u00bbstretch_row_content_no_spaces\u00bb el_class=\u00bbsub_menu\u00bb][vc_column][vc_wp_custommenu nav_menu=\u00bb2&#8243; el_class=\u00bbsub_menu_col sub_menu_col3&#8243;][\/vc_column][\/vc_row][vc_row css=\u00bb.vc_custom_1667953471911{margin-bottom: 0px !important;}\u00bb el_class=\u00bbw1240&#8243;][vc_column]<div class=\"ult-spacer spacer-69d444ecaedbe\" data-id=\"69d444ecaedbe\" data-height=\"100\" data-height-mobile=\"50\" data-height-tab=\"\" data-height-tab-portrait=\"\" data-height-mobile-landscape=\"50\" style=\"clear:both;display:block;\"><\/div><div class=\"ult-animation  ult-animate-viewport  ult-no-mobile \" data-animate=\"fadeInUp\" data-animation-delay=\"0\" data-animation-duration=\"3\" data-animation-iteration=\"1\" style=\"opacity:0;\" data-opacity_start_effect=\"\">[vc_single_image image=\u00bb207&#8243; img_size=\u00bbfull\u00bb alignment=\u00bbcenter\u00bb][vc_column_text el_class=\u00bbf24l32 tit_bar\u00bb css=\u00bb.vc_custom_1668046384690{margin-bottom: 0px !important;}\u00bb]<\/p>\n<p style=\"text-align: center;\">Construir relaciones duraderas basadas en <span class=\"cblue fw400\">el respeto, la confianza y la cooperaci\u00f3n.<\/span><\/p>\n<p>[\/vc_column_text]<div class=\"ult-spacer spacer-69d444ecaee37\" data-id=\"69d444ecaee37\" data-height=\"100\" data-height-mobile=\"100\" data-height-tab=\"100\" data-height-tab-portrait=\"\" data-height-mobile-landscape=\"\" style=\"clear:both;display:block;\"><\/div><\/div>[\/vc_column][\/vc_row][vc_row bg_type=\u00bbimage\u00bb parallax_style=\u00bbvcpb-default\u00bb bg_image_new=\u00bbid^290|url^http:\/\/enerpos1.mycafe24.com\/es\/wp-content\/uploads\/sites\/3\/2022\/11\/vision2.png|caption^null|alt^null|title^null|description^null\u00bb bg_image_repeat=\u00bbno-repeat\u00bb el_class=\u00bbw1240 radius\u00bb css=\u00bb.vc_custom_1667969094344{margin-bottom: 0px !important;border-radius: 15px !important;}\u00bb][vc_column]<div class=\"ult-spacer spacer-69d444ecaee49\" data-id=\"69d444ecaee49\" data-height=\"80\" data-height-mobile=\"80\" data-height-tab=\"80\" data-height-tab-portrait=\"\" data-height-mobile-landscape=\"\" style=\"clear:both;display:block;\"><\/div>[vc_row_inner el_class=\u00bbw540&#8243; css=\u00bb.vc_custom_1667955405206{margin-bottom: 0px !important;}\u00bb][vc_column_inner width=\u00bb1\/3&#8243;]<div class=\"ult-animation  ult-animate-viewport  ult-no-mobile \" data-animate=\"fadeInLeft\" data-animation-delay=\"0\" data-animation-duration=\"3\" data-animation-iteration=\"1\" style=\"opacity:0;\" data-opacity_start_effect=\"\">[vc_single_image image=\u00bb129&#8243; img_size=\u00bbfull\u00bb alignment=\u00bbcenter\u00bb css=\u00bb.vc_custom_1667955298487{margin-bottom: 30px !important;}\u00bb][vc_column_text el_class=\u00bbf20l20 fw400 cfff\u00bb css=\u00bb.vc_custom_1667979501341{margin-bottom: 0px !important;}\u00bb]<\/p>\n<p style=\"text-align: center;\">Gravedad<\/p>\n<p>[\/vc_column_text]<div class=\"ult-spacer spacer-69d444ecaee8b\" data-id=\"69d444ecaee8b\" data-height=\"0\" data-height-mobile=\"40\" data-height-tab=\"\" data-height-tab-portrait=\"\" data-height-mobile-landscape=\"40\" style=\"clear:both;display:block;\"><\/div><\/div>[\/vc_column_inner][vc_column_inner width=\u00bb1\/3&#8243;]<div class=\"ult-animation  ult-animate-viewport  ult-no-mobile \" data-animate=\"fadeInLeft\" data-animation-delay=\"0.4\" data-animation-duration=\"3\" data-animation-iteration=\"1\" style=\"opacity:0;\" data-opacity_start_effect=\"\">[vc_single_image image=\u00bb130&#8243; img_size=\u00bbfull\u00bb alignment=\u00bbcenter\u00bb css=\u00bb.vc_custom_1667955300947{margin-bottom: 30px !important;}\u00bb][vc_column_text el_class=\u00bbf20l20 fw400 cfff\u00bb css=\u00bb.vc_custom_1667979505301{margin-bottom: 0px !important;}\u00bb]<\/p>\n<p style=\"text-align: center;\">Respeto<\/p>\n<p>[\/vc_column_text]<div class=\"ult-spacer spacer-69d444ecaeeca\" data-id=\"69d444ecaeeca\" data-height=\"0\" data-height-mobile=\"40\" data-height-tab=\"\" data-height-tab-portrait=\"\" data-height-mobile-landscape=\"40\" style=\"clear:both;display:block;\"><\/div><\/div>[\/vc_column_inner][vc_column_inner width=\u00bb1\/3&#8243;]<div class=\"ult-animation  ult-animate-viewport  ult-no-mobile \" data-animate=\"fadeInLeft\" data-animation-delay=\"0.8\" data-animation-duration=\"3\" data-animation-iteration=\"1\" style=\"opacity:0;\" data-opacity_start_effect=\"\">[vc_single_image image=\u00bb131&#8243; img_size=\u00bbfull\u00bb alignment=\u00bbcenter\u00bb css=\u00bb.vc_custom_1667955305867{margin-bottom: 30px !important;}\u00bb][vc_column_text el_class=\u00bbf20l20 fw400 cfff\u00bb css=\u00bb.vc_custom_1667979509302{margin-bottom: 0px !important;}\u00bb]<\/p>\n<p style=\"text-align: center;\">Confianza<\/p>\n<p>[\/vc_column_text]<div class=\"ult-spacer spacer-69d444ecaef05\" data-id=\"69d444ecaef05\" data-height=\"0\" data-height-mobile=\"40\" data-height-tab=\"\" data-height-tab-portrait=\"\" data-height-mobile-landscape=\"40\" style=\"clear:both;display:block;\"><\/div><\/div>[\/vc_column_inner][\/vc_row_inner]<div class=\"ult-spacer spacer-69d444ecaef14\" data-id=\"69d444ecaef14\" data-height=\"60\" data-height-mobile=\"60\" data-height-tab=\"60\" data-height-tab-portrait=\"\" data-height-mobile-landscape=\"\" style=\"clear:both;display:block;\"><\/div>[vc_row_inner el_class=\u00bbw1020&#8243; css=\u00bb.vc_custom_1667955502959{margin-bottom: 0px !important;}\u00bb][vc_column_inner]<div class=\"ult-animation  ult-animate-viewport  ult-no-mobile \" data-animate=\"fadeInUp\" data-animation-delay=\"0\" data-animation-duration=\"3\" data-animation-iteration=\"1\" style=\"opacity:0;\" data-opacity_start_effect=\"\">[vc_column_text el_class=\u00bbf16l28 cfff\u00bb]Como principio, establecemos una relaci\u00f3n comenzando por un v\u00ednculo peque\u00f1o pero s\u00f3lido, basados en la seriedad, el respeto y la confianza. Esto nos permite crecer sobre una s\u00f3lida base, como los grandes \u00e1rboles, que parten de una peque\u00f1a pero f\u00e9rtil semilla. [\/vc_column_text][vc_column_text el_class=\u00bbf16l28 cfff\u00bb css=\u00bb.vc_custom_1667969245898{margin-bottom: 0px !important;}\u00bb]Crecemos junto a nuestros fieles clientes con la misma filosof\u00eda, comenzamos paso a paso y finalmente logramos establecer relaciones duraderas basadas en el respeto, la confianza y la colaboraci\u00f3n.[\/vc_column_text]<\/div>[\/vc_column_inner][\/vc_row_inner]<div class=\"ult-spacer spacer-69d444ecaef49\" data-id=\"69d444ecaef49\" data-height=\"60\" data-height-mobile=\"60\" data-height-tab=\"60\" data-height-tab-portrait=\"\" data-height-mobile-landscape=\"\" style=\"clear:both;display:block;\"><\/div>[\/vc_column][\/vc_row][vc_row][vc_column]<div class=\"ult-spacer spacer-69d444ecaef54\" data-id=\"69d444ecaef54\" data-height=\"100\" data-height-mobile=\"50\" data-height-tab=\"\" data-height-tab-portrait=\"\" data-height-mobile-landscape=\"50\" style=\"clear:both;display:block;\"><\/div>[\/vc_column][\/vc_row]<\/p>\n","protected":false},"excerpt":{"rendered":"<p>[vc_row full_width=\u00bbstretch_row_content_no_spaces\u00bb el_class=\u00bbsub_menu\u00bb][vc_column][vc_wp_custommenu nav_menu=\u00bb2&#8243; el_class=\u00bbsub_menu_col sub_menu_col3&#8243;][\/vc_column][\/vc_row][vc_row css=\u00bb.vc_custom_1667953471911{margin-bottom: 0px !important;}\u00bb el_class=\u00bbw1240&#8243;][vc_column][\/vc_column][\/vc_row][vc_row bg_type=\u00bbimage\u00bb parallax_style=\u00bbvcpb-default\u00bb bg_image_new=\u00bbid^290|url^http:\/\/enerpos1.mycafe24.com\/es\/wp-content\/uploads\/sites\/3\/2022\/11\/vision2.png|caption^null|alt^null|title^null|description^null\u00bb bg_image_repeat=\u00bbno-repeat\u00bb el_class=\u00bbw1240 radius\u00bb css=\u00bb.vc_custom_1667969094344{margin-bottom: 0px !important;border-radius: 15px !important;}\u00bb][vc_column][vc_row_inner el_class=\u00bbw540&#8243; css=\u00bb.vc_custom_1667955405206{margin-bottom: 0px !important;}\u00bb][vc_column_inner width=\u00bb1\/3&#8243;][\/vc_column_inner][vc_column_inner width=\u00bb1\/3&#8243;][\/vc_column_inner][vc_column_inner width=\u00bb1\/3&#8243;][\/vc_column_inner][\/vc_row_inner][vc_row_inner el_class=\u00bbw1020&#8243; css=\u00bb.vc_custom_1667955502959{margin-bottom: 0px !important;}\u00bb][vc_column_inner][\/vc_column_inner][\/vc_row_inner][\/vc_column][\/vc_row][vc_row][vc_column][\/vc_column][\/vc_row]<\/p>\n","protected":false},"author":1,"featured_media":0,"parent":0,"menu_order":0,"comment_status":"closed","ping_status":"closed","template":"","meta":[],"_links":{"self":[{"href":"https:\/\/enerpos1.mycafe24.com\/es\/wp-json\/wp\/v2\/pages\/133"}],"collection":[{"href":"https:\/\/enerpos1.mycafe24.com\/es\/wp-json\/wp\/v2\/pages"}],"about":[{"href":"https:\/\/enerpos1.mycafe24.com\/es\/wp-json\/wp\/v2\/types\/page"}],"author":[{"embeddable":true,"href":"https:\/\/enerpos1.mycafe24.com\/es\/wp-json\/wp\/v2\/users\/1"}],"replies":[{"embeddable":true,"href":"https:\/\/enerpos1.mycafe24.com\/es\/wp-json\/wp\/v2\/comments?post=133"}],"version-history":[{"count":5,"href":"https:\/\/enerpos1.mycafe24.com\/es\/wp-json\/wp\/v2\/pages\/133\/revisions"}],"predecessor-version":[{"id":304,"href":"https:\/\/enerpos1.mycafe24.com\/es\/wp-json\/wp\/v2\/pages\/133\/revisions\/304"}],"wp:attachment":[{"href":"https:\/\/enerpos1.mycafe24.com\/es\/wp-json\/wp\/v2\/media?parent=133"}],"curies":[{"name":"wp","href":"https:\/\/api.w.org\/{rel}","templated":true}]}}