{"id":111,"date":"2022-11-03T11:35:38","date_gmt":"2022-11-03T02:35:38","guid":{"rendered":"https:\/\/enerpos1.mycafe24.com\/?page_id=111"},"modified":"2022-11-09T13:43:10","modified_gmt":"2022-11-09T04:43:10","slug":"market","status":"publish","type":"page","link":"https:\/\/enerpos1.mycafe24.com\/es\/market\/","title":{"rendered":"Mercados"},"content":{"rendered":"<p>[vc_row full_width=\u00bbstretch_row_content_no_spaces\u00bb el_class=\u00bbsub_menu\u00bb][vc_column][vc_wp_custommenu nav_menu=\u00bb3&#8243; el_class=\u00bbsub_menu_col sub_menu_col4&#8243;][\/vc_column][\/vc_row][vc_row el_class=\u00bbw1240&#8243;][vc_column]<div class=\"ult-spacer spacer-69d3e38e1efe0\" data-id=\"69d3e38e1efe0\" data-height=\"100\" data-height-mobile=\"50\" data-height-tab=\"\" data-height-tab-portrait=\"\" data-height-mobile-landscape=\"50\" style=\"clear:both;display:block;\"><\/div>[vc_row_inner][vc_column_inner width=\u00bb1\/2&#8243;]<div class=\"ult-animation  ult-animate-viewport  ult-no-mobile \" data-animate=\"fadeInLeft\" data-animation-delay=\"0\" data-animation-duration=\"3\" data-animation-iteration=\"1\" style=\"opacity:0;\" data-opacity_start_effect=\"\">[vc_single_image image=\u00bb288&#8243; img_size=\u00bbfull\u00bb alignment=\u00bbcenter\u00bb css=\u00bb.vc_custom_1667968947214{margin-bottom: 0px !important;}\u00bb]<div class=\"ult-spacer spacer-69d3e38e1f06b\" data-id=\"69d3e38e1f06b\" data-height=\"0\" data-height-mobile=\"40\" data-height-tab=\"\" data-height-tab-portrait=\"\" data-height-mobile-landscape=\"40\" style=\"clear:both;display:block;\"><\/div><\/div>[\/vc_column_inner][vc_column_inner width=\u00bb1\/2&#8243;]<div class=\"ult-animation  ult-animate-viewport  ult-no-mobile \" data-animate=\"fadeInRight\" data-animation-delay=\"0.4\" data-animation-duration=\"3\" data-animation-iteration=\"1\" style=\"opacity:0;\" data-opacity_start_effect=\"\"><div class=\"ult-spacer spacer-69d3e38e1f0b2\" data-id=\"69d3e38e1f0b2\" data-height=\"60\" data-height-mobile=\"0\" data-height-tab=\"\" data-height-tab-portrait=\"\" data-height-mobile-landscape=\"0\" style=\"clear:both;display:block;\"><\/div>[vc_single_image image=\u00bb207&#8243; img_size=\u00bbfull\u00bb css=\u00bb.vc_custom_1667968953146{margin-bottom: 20px !important;}\u00bb][vc_column_text el_class=\u00bbfw500 f30l30 tit_under\u00bb css=\u00bb.vc_custom_1667968966658{margin-bottom: 0px !important;}\u00bb]Mercados[\/vc_column_text]<\/div><div class=\"ult-animation  ult-animate-viewport  ult-no-mobile \" data-animate=\"fadeInRight\" data-animation-delay=\"0.8\" data-animation-duration=\"3\" data-animation-iteration=\"1\" style=\"opacity:0;\" data-opacity_start_effect=\"\"><div class=\"ult-spacer spacer-69d3e38e1f0ef\" data-id=\"69d3e38e1f0ef\" data-height=\"60\" data-height-mobile=\"60\" data-height-tab=\"60\" data-height-tab-portrait=\"\" data-height-mobile-landscape=\"\" style=\"clear:both;display:block;\"><\/div>[vc_column_text el_class=\u00bbpl5 f16l28&#8243; css=\u00bb.vc_custom_1667968973458{margin-bottom: 0px !important;}\u00bb]Respaldados por nuestra larga experiencia en el suministro de piezas de repuesto y mantenimiento de plantas el\u00e9ctricas, hemos suministrado y suministramos vol\u00famenes importantes de piezas a empresas de Centro y Sur Am\u00e9rica, \u00c1frica y Medio Oriente. Tambi\u00e9n las hemos asistido con soluciones t\u00e9cnicas. [\/vc_column_text]<\/div>[\/vc_column_inner][\/vc_row_inner]<div class=\"ult-spacer spacer-69d3e38e1f0fd\" data-id=\"69d3e38e1f0fd\" data-height=\"100\" data-height-mobile=\"50\" data-height-tab=\"\" data-height-tab-portrait=\"\" data-height-mobile-landscape=\"50\" style=\"clear:both;display:block;\"><\/div>[\/vc_column][\/vc_row]<\/p>\n","protected":false},"excerpt":{"rendered":"<p>[vc_row full_width=\u00bbstretch_row_content_no_spaces\u00bb el_class=\u00bbsub_menu\u00bb][vc_column][vc_wp_custommenu nav_menu=\u00bb3&#8243; el_class=\u00bbsub_menu_col sub_menu_col4&#8243;][\/vc_column][\/vc_row][vc_row el_class=\u00bbw1240&#8243;][vc_column][vc_row_inner][vc_column_inner width=\u00bb1\/2&#8243;][\/vc_column_inner][vc_column_inner width=\u00bb1\/2&#8243;][\/vc_column_inner][\/vc_row_inner][\/vc_column][\/vc_row]<\/p>\n","protected":false},"author":1,"featured_media":0,"parent":0,"menu_order":0,"comment_status":"closed","ping_status":"closed","template":"","meta":[],"_links":{"self":[{"href":"https:\/\/enerpos1.mycafe24.com\/es\/wp-json\/wp\/v2\/pages\/111"}],"collection":[{"href":"https:\/\/enerpos1.mycafe24.com\/es\/wp-json\/wp\/v2\/pages"}],"about":[{"href":"https:\/\/enerpos1.mycafe24.com\/es\/wp-json\/wp\/v2\/types\/page"}],"author":[{"embeddable":true,"href":"https:\/\/enerpos1.mycafe24.com\/es\/wp-json\/wp\/v2\/users\/1"}],"replies":[{"embeddable":true,"href":"https:\/\/enerpos1.mycafe24.com\/es\/wp-json\/wp\/v2\/comments?post=111"}],"version-history":[{"count":3,"href":"https:\/\/enerpos1.mycafe24.com\/es\/wp-json\/wp\/v2\/pages\/111\/revisions"}],"predecessor-version":[{"id":289,"href":"https:\/\/enerpos1.mycafe24.com\/es\/wp-json\/wp\/v2\/pages\/111\/revisions\/289"}],"wp:attachment":[{"href":"https:\/\/enerpos1.mycafe24.com\/es\/wp-json\/wp\/v2\/media?parent=111"}],"curies":[{"name":"wp","href":"https:\/\/api.w.org\/{rel}","templated":true}]}}